{"id":29,"date":"2018-03-17T15:34:09","date_gmt":"2018-03-17T14:34:09","guid":{"rendered":"http:\/\/test.ekiwi.de\/?page_id=29"},"modified":"2025-06-03T20:25:21","modified_gmt":"2025-06-03T18:25:21","slug":"software","status":"publish","type":"page","link":"https:\/\/ekiwi.de\/index.php\/software\/","title":{"rendered":"Software"},"content":{"rendered":"<nav style=\"background: #f2f2f2; padding: 10px; margin-bottom: 20px; border-radius: 8px;\">\n  <strong>Direkt zu:<\/strong><br \/>\n  <a href=\"#da-formmaker\" target=\"_self\" style=\"margin-right: 15px;\" target=\"_blank\" rel=\"noopener noreferrer\">DA-FormMaker<\/a><br \/>\n  <a href=\"#da-bestellformular\" target=\"_self\" style=\"margin-right: 15px;\" target=\"_blank\" rel=\"noopener noreferrer\">DA-BestellFormular<\/a><br \/>\n  <a href=\"#da-helpcreator\" target=\"_self\" style=\"margin-right: 15px;\" target=\"_blank\" rel=\"noopener noreferrer\">DA-HelpCreator<\/a><br \/>\n  <a href=\"#da-markdowneditor\" target=\"_self\" style=\"margin-right: 15px;\" target=\"_blank\" rel=\"noopener noreferrer\">DA-MarkdownEditor<\/a><br \/>\n  <a href=\"#da-htaccess\" target=\"_self\" style=\"margin-right: 15px;\" target=\"_blank\" rel=\"noopener noreferrer\">DA-HtAccess<\/a><br \/>\n  <a href=\"#cookie-generator\" target=\"_self\" target=\"_blank\" rel=\"noopener noreferrer\">Cookie Banner Generator<\/a><br \/>\n<\/nav>\n<hr>\n<h2 id=\"da-formmaker\">DA-FormMaker<\/h2>\n<p><a href=\"https:\/\/da-software.de\/software\/da-formmaker\/\" target=\"_blank\" rel=\"noopener noreferrer\"><img loading=\"lazy\" decoding=\"async\" src=\"\/wp-content\/uploads\/2018\/03\/start_daform_de.png\" alt=\"\" width=\"380\" height=\"240\" class=\"alignnone size-full wp-image-30\" srcset=\"\/wp-content\/uploads\/2018\/03\/start_daform_de.png 380w, \/wp-content\/uploads\/2018\/03\/start_daform_de-300x189.png 300w\" sizes=\"auto, (max-width: 380px) 100vw, 380px\" \/><\/a><\/p>\n<p>Mit dem &#8222;DA-Formmaker&#8220; erstellen Sie schnell und einfach HTML Formulare die mit einem Mausklick an Ihre E-Mail-Adresse geschickt werden. Sie ben\u00f6tigen keine tiefgehenden HTML Kenntnisse. Sie haben die Wahl! Legen Sie Farben, Schriftarten und die gew\u00fcnschten Felder fest und DA-FormMaker erstellt Ihnen daraus das passende Formular.<\/p>\n<p><a class=\"fasc-button fasc-size-medium fasc-type-flat fasc-ico-before dashicons-admin-site\" style=\"background-color: #0054a3; color: #ffffff;\" href=\"https:\/\/da-software.de\/software\/da-formmaker\/\" target=\"_blank\" rel=\"noopener noreferrer\">Mehr Informationen<\/a><\/p>\n<hr>\n<h2 id=\"da-bestellformular\">DA-BestellFormular<\/h2>\n<p><a href=\"https:\/\/da-software.de\/software\/dabestellformular\/\" target=\"_blank\" rel=\"noopener noreferrer\"><img loading=\"lazy\" decoding=\"async\" src=\"\/wp-content\/uploads\/2018\/03\/start_dabestell_de.png\" alt=\"\" width=\"380\" height=\"240\" class=\"alignnone size-full wp-image-32\" srcset=\"\/wp-content\/uploads\/2018\/03\/start_dabestell_de.png 380w, \/wp-content\/uploads\/2018\/03\/start_dabestell_de-300x189.png 300w\" sizes=\"auto, (max-width: 380px) 100vw, 380px\" \/><\/a><\/p>\n<p>Mit DA-BestellFomular erstellen Sie schnell und einfach Bestellformulare f\u00fcr Ihre Webseite. Sie ben\u00f6tigen keine tiefgehenden HTML Kenntnisse. Formularfelder, Preis- und Designeinstellungen: Alles kann bequem \u00fcber die Programmoberfl\u00e4che konfiguriert werden. Ideal, wenn Sie nur wenige Produkte verkaufen und sich ein eigener Online-Shop aus Kosten- und Aufwandsgr\u00fcnden nicht lohnt. <\/p>\n<p><a class=\"fasc-button fasc-size-medium fasc-type-flat fasc-ico-before dashicons-admin-site\" style=\"background-color: #0054a3; color: #ffffff;\" href=\"https:\/\/da-software.de\/software\/dabestellformular\/\" target=\"_blank\" rel=\"noopener noreferrer\">Mehr Informationen<\/a><\/p>\n<hr>\n<h2 id=\"da-helpcreator\">DA-HelpCreator<\/h2>\n<p><a href=\"https:\/\/da-software.de\/software\/da-helpcreator\/\" target=\"_blank\" rel=\"noopener noreferrer\"><img loading=\"lazy\" decoding=\"async\" src=\"\/wp-content\/uploads\/2018\/03\/start_helpcreator.png\" alt=\"\" width=\"380\" height=\"240\" class=\"alignnone size-full wp-image-34\" srcset=\"\/wp-content\/uploads\/2018\/03\/start_helpcreator.png 380w, \/wp-content\/uploads\/2018\/03\/start_helpcreator-300x189.png 300w\" sizes=\"auto, (max-width: 380px) 100vw, 380px\" \/><\/a><\/p>\n<p>DA-HelpCreator ist eine Help Authoring Software, welche Ihnen bei der Erstellung von Online-Hilfen und Dokumentationen hilft. Egal ob Sie als Softwareautor eine Online-Hilfe im Windows CHM-Format erstellen wollen oder eine FAQ-Seite f\u00fcr das Internet. DA-HelpCreator erm\u00f6glicht einen schnellen Einstieg und die Konzentration auf das Wesentliche: den Inhalt. <\/p>\n<p><a class=\"fasc-button fasc-size-medium fasc-type-flat fasc-ico-before dashicons-admin-site\" style=\"background-color: #0054a3; color: #ffffff;\" href=\"https:\/\/da-software.de\/software\/da-helpcreator\/\" target=\"_blank\" rel=\"noopener noreferrer\">Mehr Informationen<\/a><\/p>\n<hr>\n<h2 id=\"da-markdowneditor\">DA-MarkdownEditor<\/h2>\n<p><a href=\"https:\/\/da-software.de\/software\/da-markdowneditor\/\" target=\"_blank\" rel=\"noopener noreferrer\"><img loading=\"lazy\" decoding=\"async\" src=\"\/wp-content\/uploads\/2018\/03\/start_markdown_de.png\" alt=\"\" width=\"380\" height=\"240\" class=\"alignnone size-full wp-image-35\" srcset=\"\/wp-content\/uploads\/2018\/03\/start_markdown_de.png 380w, \/wp-content\/uploads\/2018\/03\/start_markdown_de-300x189.png 300w\" sizes=\"auto, (max-width: 380px) 100vw, 380px\" \/><\/a><\/p>\n<p>Ein vollst\u00e4ndiger Markdown-Editor f\u00fcr Windows. Bearbeiten und Erstellen Sie Markdown-Dateien mit DA-MarkdownEditor. Zahlreiche Helferfunktionen erleichtern die Arbeit. F\u00fcgen Sie z.B. Bilder direkt aus der Zwischenablage ein. Mit der integrierten Vorschaufunktion, sehen Sie jede \u00c4nderung in Echtzeit. F\u00fcr den Export ins HTML-Format stehen verschiedene Designs zur Auswahl. Makrofunktionen erweitern die Markdown-Syntax, f\u00fcr die Erstellung von Inhaltsverzeichnissen. <\/p>\n<p><a class=\"fasc-button fasc-size-medium fasc-type-flat fasc-ico-before dashicons-admin-site\" style=\"background-color: #0054a3; color: #ffffff;\" href=\"https:\/\/da-software.de\/software\/da-markdowneditor\/\" target=\"_blank\" rel=\"noopener noreferrer\">Mehr Informationen<\/a><\/p>\n<hr>\n<h2 id=\"da-htaccess\">DA-HtAccess<\/h2>\n<p><a href=\"https:\/\/da-software.de\/software\/da-htaccess\/\" target=\"_blank\" rel=\"noopener noreferrer\"><img loading=\"lazy\" decoding=\"async\" src=\"\/wp-content\/uploads\/2018\/03\/start_htaccess.png\" alt=\"\" width=\"380\" height=\"240\" class=\"alignnone size-full wp-image-36\" srcset=\"\/wp-content\/uploads\/2018\/03\/start_htaccess.png 380w, \/wp-content\/uploads\/2018\/03\/start_htaccess-300x189.png 300w\" sizes=\"auto, (max-width: 380px) 100vw, 380px\" \/><\/a><\/p>\n<p>Erstellen Sie .htaccess Konfigurationsdateien f\u00fcr Apache Webserver. Funktionen wie Passwortschutz, Umleitungen, Fehlerseiten und eigener Code lassen sich schnell umsetzen, ohne sich mit der genauen Syntax auseinandersetzen zu m\u00fcssen. Mit dem integrierten FTP-Upload laden Sie das Ergebnis auf Ihren Server. In wenigen Minuten haben Sie die Konfiguration erstellt und auf ihren Webserver geladen. <\/p>\n<p><a class=\"fasc-button fasc-size-medium fasc-type-flat fasc-ico-before dashicons-admin-site\" style=\"background-color: #0054a3; color: #ffffff;\" href=\"https:\/\/da-software.de\/software\/da-htaccess\/\" target=\"_blank\" rel=\"noopener noreferrer\">Mehr Informationen<\/a><\/p>\n<h2 id=\"cookie-generator\">Cookie Banner Generator<\/h2>\n<p><a href=\"https:\/\/da-software.net\/cookiebannergenerator\/\" target=\"_blank\" rel=\"noopener noreferrer\"><br \/>\n<img loading=\"lazy\" decoding=\"async\" src=\"https:\/\/da-software.net\/wp-content\/uploads\/2023\/05\/cookie_de_5.jpg\" alt=\"Cookie Banner Generator\" width=\"380\" height=\"240\" class=\"alignnone size-full\" \/><br \/>\n<\/a><\/p>\n<p>Mit dem <strong>Cookie Banner Generator<\/strong> erstellen Sie im Handumdrehen einen datenschutzkonformen Cookie- und Datenschutzbanner f\u00fcr Ihre Webseite. Der Banner basiert auf JavaScript, wird lokal auf Ihrem Webspace gehostet und funktioniert auf jeder Webseite \u2013 ganz ohne externe Dienste.  <\/p>\n<p>Dank integriertem Assistenten gelingt die Konfiguration spielend leicht: W\u00e4hlen Sie Design, Animation und Verhalten nach Ihren W\u00fcnschen. Die Software nutzt die bew\u00e4hrte Open-Source-L\u00f6sung \u201eCookie Consent\u201c als Grundlage und spart Ihnen technische M\u00fche. Die Nutzung ist kostenlos \u2013 es fallen keine laufenden Kosten an.<\/p>\n<p><a class=\"fasc-button fasc-size-medium fasc-type-flat fasc-ico-before dashicons-admin-site\" style=\"background-color: #0054a3; color: #ffffff;\" href=\"https:\/\/da-software.net\/cookiebannergenerator\/\" target=\"_blank\" rel=\"noopener noreferrer\">Mehr Informationen<\/a><\/p>","protected":false},"excerpt":{"rendered":"<p>Direkt zu: DA-FormMaker DA-BestellFormular DA-HelpCreator DA-MarkdownEditor DA-HtAccess Cookie Banner Generator DA-FormMaker Mit dem &#8222;DA-Formmaker&#8220; erstellen Sie schnell und einfach HTML<\/p>\n","protected":false},"author":1,"featured_media":0,"parent":0,"menu_order":0,"comment_status":"closed","ping_status":"closed","template":"","meta":{"footnotes":"","_links_to":"","_links_to_target":""},"class_list":["post-29","page","type-page","status-publish","hentry"],"_links":{"self":[{"href":"https:\/\/ekiwi.de\/index.php\/wp-json\/wp\/v2\/pages\/29","targetHints":{"allow":["GET"]}}],"collection":[{"href":"https:\/\/ekiwi.de\/index.php\/wp-json\/wp\/v2\/pages"}],"about":[{"href":"https:\/\/ekiwi.de\/index.php\/wp-json\/wp\/v2\/types\/page"}],"author":[{"embeddable":true,"href":"https:\/\/ekiwi.de\/index.php\/wp-json\/wp\/v2\/users\/1"}],"replies":[{"embeddable":true,"href":"https:\/\/ekiwi.de\/index.php\/wp-json\/wp\/v2\/comments?post=29"}],"version-history":[{"count":0,"href":"https:\/\/ekiwi.de\/index.php\/wp-json\/wp\/v2\/pages\/29\/revisions"}],"wp:attachment":[{"href":"https:\/\/ekiwi.de\/index.php\/wp-json\/wp\/v2\/media?parent=29"}],"curies":[{"name":"wp","href":"https:\/\/api.w.org\/{rel}","templated":true}]}}